{"id":31208,"date":"2023-06-14T05:23:47","date_gmt":"2023-06-14T05:23:47","guid":{"rendered":"https:\/\/lianemodels.com\/?page_id=31208"},"modified":"2025-12-09T16:24:00","modified_gmt":"2025-12-09T16:24:00","slug":"nos-modeles","status":"publish","type":"page","link":"https:\/\/lianemodels.com\/en\/nos-modeles\/","title":{"rendered":"Our models"},"content":{"rendered":"<div data-elementor-type=\"wp-page\" data-elementor-id=\"31208\" class=\"elementor elementor-31208\">\n\t\t\t\t\t\t<section class=\"elementor-section elementor-top-section elementor-element elementor-element-a2189ca elementor-section-boxed elementor-section-height-default elementor-section-height-default sc_fly_static\" data-id=\"a2189ca\" data-element_type=\"section\" data-e-type=\"section\">\n\t\t\t\t\t\t<div class=\"elementor-container elementor-column-gap-extended\">\n\t\t\t\t\t<div class=\"elementor-column elementor-col-100 elementor-top-column elementor-element elementor-element-68dea73 sc_content_align_inherit sc_layouts_column_icons_position_left sc_fly_static\" data-id=\"68dea73\" data-element_type=\"column\" data-e-type=\"column\">\n\t\t\t<div class=\"elementor-widget-wrap\">\n\t\t\t\t\t\t\t<\/div>\n\t\t<\/div>\n\t\t\t\t\t<\/div>\n\t\t<\/section>\n\t\t\t\t<section class=\"elementor-section elementor-top-section elementor-element elementor-element-ddf4252 elementor-section-boxed elementor-section-height-default elementor-section-height-default sc_fly_static\" data-id=\"ddf4252\" data-element_type=\"section\" data-e-type=\"section\">\n\t\t\t\t\t\t<div class=\"elementor-container elementor-column-gap-extended\">\n\t\t\t\t\t<div class=\"elementor-column elementor-col-100 elementor-top-column elementor-element elementor-element-f3820e7 sc_content_align_inherit sc_layouts_column_icons_position_left sc_fly_static\" data-id=\"f3820e7\" data-element_type=\"column\" data-e-type=\"column\">\n\t\t\t<div class=\"elementor-widget-wrap elementor-element-populated\">\n\t\t\t\t\t\t<div class=\"elementor-element elementor-element-777590b sc_height_huge sc_fly_static elementor-widget elementor-widget-spacer\" data-id=\"777590b\" data-element_type=\"widget\" data-e-type=\"widget\" data-widget_type=\"spacer.default\">\n\t\t\t\t<div class=\"elementor-widget-container\">\n\t\t\t\t\t\t\t<div class=\"elementor-spacer\">\n\t\t\t<div class=\"elementor-spacer-inner\"><\/div>\n\t\t<\/div>\n\t\t\t\t\t\t<\/div>\n\t\t\t\t<\/div>\n\t\t\t\t<div class=\"elementor-element elementor-element-3d4fd77 elementor-widget__width-initial underline_anim underline_do_hover sc_fly_static elementor-widget elementor-widget-heading\" data-id=\"3d4fd77\" data-element_type=\"widget\" data-e-type=\"widget\" data-widget_type=\"heading.default\">\n\t\t\t\t<div class=\"elementor-widget-container\">\n\t\t\t\t\t<h2 class=\"elementor-heading-title elementor-size-default\">Women models<\/h2>\t\t\t\t<\/div>\n\t\t\t\t<\/div>\n\t\t\t\t\t<\/div>\n\t\t<\/div>\n\t\t\t\t\t<\/div>\n\t\t<\/section>\n\t\t\t\t<section class=\"elementor-section elementor-top-section elementor-element elementor-element-30d417c elementor-section-full_width elementor-section-height-default elementor-section-height-default sc_fly_static\" data-id=\"30d417c\" data-element_type=\"section\" data-e-type=\"section\">\n\t\t\t\t\t\t<div class=\"elementor-container elementor-column-gap-extended\">\n\t\t\t\t\t<div class=\"elementor-column elementor-col-100 elementor-top-column elementor-element elementor-element-eaa9a77 sc_content_align_inherit sc_layouts_column_icons_position_left sc_fly_static\" data-id=\"eaa9a77\" data-element_type=\"column\" data-e-type=\"column\">\n\t\t\t<div class=\"elementor-widget-wrap elementor-element-populated\">\n\t\t\t\t\t\t<div data-animation-type=\"sequental\" data-animation-stagger=\"\" class=\"elementor-element elementor-element-e2ec55f animation_type_sequental sc_fly_static elementor-invisible elementor-widget elementor-widget-trx_sc_portfolio\" data-id=\"e2ec55f\" data-element_type=\"widget\" data-e-type=\"widget\" data-settings=\"{&quot;_animation&quot;:&quot;catwalk-fadeinup&quot;,&quot;_animation_delay&quot;:100}\" data-widget_type=\"trx_sc_portfolio.default\">\n\t\t\t\t<div class=\"elementor-widget-container\">\n\t\t\t\t\t<div \t\tclass=\"sc_portfolio sc_portfolio_qw-board\"><div  class=\"sc_portfolio_slider sc_item_slider slider_swiper_outer slider_outer slider_outer_controls slider_outer_controls_side slider_outer_nopagination slider_outer_nocentered slider_outer_overflow_hidden slider_outer_multi\">\n\t<div  data-slides-per-view-breakpoints=\"{&quot;1279&quot;:2,&quot;999999&quot;:4}\" data-slides-space-breakpoints=\"{&quot;999999&quot;:20}\" class=\"slider_container swiper-slider-container slider_swiper slider_noresize slider_controls slider_controls_side slider_nopagination slider_nocentered slider_overflow_hidden slider_multi\" data-slides-per-view=\"4\" data-slides-space=\"20\" data-effect=\"slide\" data-slides-min-width=\"220\" data-pagination=\"bullets\" data-direction=\"horizontal\" data-mouse-wheel=\"0\" data-autoplay=\"0\" data-loop=\"1\" data-free-mode=\"1\" data-slides-centered=\"0\" data-slides-overflow=\"0\">\n\t\t<div class=\"slides slider-wrapper swiper-wrapper sc_item_columns_4\"><div class=\"slider-slide swiper-slide\"><div data-post-id=\"43361\" class=\"sc_portfolio_item sc_item_container post_container\">\n\t<div class=\"post_featured with_thumb hover_info sc_portfolio_item_thumb post_featured_bg\"><span class=\"post_thumb post_thumb_bg bg_in catwalk_inline_56398871\"><\/span>\t\t\t\t\t\t<div class=\"mask\"><\/div>\n\t\t\t\t\t\t<a href=\"https:\/\/lianemodels.com\/en\/modele\/sara-luna\/\"><\/a><div class=\"post_info\"><div class=\"post_meta post_meta_categories\"><span class=\"post_meta_item post_categories cat_sep\"><a href=\"https:\/\/lianemodels.com\/en\/portfolio_group\/feminins\/\" title=\"View all posts in Mod\u00e8les F\u00e9minins\">Mod\u00e8les F\u00e9minins<\/a><\/span><\/div><h5 class=\"post_title\"><a href=\"https:\/\/lianemodels.com\/en\/modele\/sara-luna\/\">Sara Luna<\/a><\/h5><\/div><\/div>\t\n<\/div><\/div><div class=\"slider-slide swiper-slide\"><div data-post-id=\"43357\" class=\"sc_portfolio_item sc_item_container post_container\">\n\t<div class=\"post_featured with_thumb hover_info sc_portfolio_item_thumb post_featured_bg\"><span class=\"post_thumb post_thumb_bg bg_in catwalk_inline_1491108286\"><\/span>\t\t\t\t\t\t<div class=\"mask\"><\/div>\n\t\t\t\t\t\t<a href=\"https:\/\/lianemodels.com\/en\/modele\/rabab\/\"><\/a><div class=\"post_info\"><div class=\"post_meta post_meta_categories\"><span class=\"post_meta_item post_categories cat_sep\"><a href=\"https:\/\/lianemodels.com\/en\/portfolio_group\/feminins\/\" title=\"View all posts in Mod\u00e8les F\u00e9minins\">Mod\u00e8les F\u00e9minins<\/a><\/span><\/div><h5 class=\"post_title\"><a href=\"https:\/\/lianemodels.com\/en\/modele\/rabab\/\">Rabab<\/a><\/h5><\/div><\/div>\t\n<\/div><\/div><div class=\"slider-slide swiper-slide\"><div data-post-id=\"43352\" class=\"sc_portfolio_item sc_item_container post_container\">\n\t<div class=\"post_featured with_thumb hover_info sc_portfolio_item_thumb post_featured_bg\"><span class=\"post_thumb post_thumb_bg bg_in catwalk_inline_1734588182\"><\/span>\t\t\t\t\t\t<div class=\"mask\"><\/div>\n\t\t\t\t\t\t<a href=\"https:\/\/lianemodels.com\/en\/modele\/louana-2\/\"><\/a><div class=\"post_info\"><div class=\"post_meta post_meta_categories\"><span class=\"post_meta_item post_categories cat_sep\"><a href=\"https:\/\/lianemodels.com\/en\/portfolio_group\/feminins\/\" title=\"View all posts in Mod\u00e8les F\u00e9minins\">Mod\u00e8les F\u00e9minins<\/a><\/span><\/div><h5 class=\"post_title\"><a href=\"https:\/\/lianemodels.com\/en\/modele\/louana-2\/\">Louana<\/a><\/h5><\/div><\/div>\t\n<\/div><\/div><div class=\"slider-slide swiper-slide\"><div data-post-id=\"43349\" class=\"sc_portfolio_item sc_item_container post_container\">\n\t<div class=\"post_featured with_thumb hover_info sc_portfolio_item_thumb post_featured_bg\"><span class=\"post_thumb post_thumb_bg bg_in catwalk_inline_985787212\"><\/span>\t\t\t\t\t\t<div class=\"mask\"><\/div>\n\t\t\t\t\t\t<a href=\"https:\/\/lianemodels.com\/en\/modele\/elisa-may\/\"><\/a><div class=\"post_info\"><div class=\"post_meta post_meta_categories\"><span class=\"post_meta_item post_categories cat_sep\"><a href=\"https:\/\/lianemodels.com\/en\/portfolio_group\/feminins\/\" title=\"View all posts in Mod\u00e8les F\u00e9minins\">Mod\u00e8les F\u00e9minins<\/a><\/span><\/div><h5 class=\"post_title\"><a href=\"https:\/\/lianemodels.com\/en\/modele\/elisa-may\/\">Elisa May<\/a><\/h5><\/div><\/div>\t\n<\/div><\/div><div class=\"slider-slide swiper-slide\"><div data-post-id=\"43186\" class=\"sc_portfolio_item sc_item_container post_container\">\n\t<div class=\"post_featured with_thumb hover_info sc_portfolio_item_thumb post_featured_bg\"><span class=\"post_thumb post_thumb_bg bg_in catwalk_inline_1644806539\"><\/span>\t\t\t\t\t\t<div class=\"mask\"><\/div>\n\t\t\t\t\t\t<a href=\"https:\/\/lianemodels.com\/en\/modele\/olena\/\"><\/a><div class=\"post_info\"><div class=\"post_meta post_meta_categories\"><span class=\"post_meta_item post_categories cat_sep\"><a href=\"https:\/\/lianemodels.com\/en\/portfolio_group\/feminins\/\" title=\"View all posts in Mod\u00e8les F\u00e9minins\">Mod\u00e8les F\u00e9minins<\/a><\/span><\/div><h5 class=\"post_title\"><a href=\"https:\/\/lianemodels.com\/en\/modele\/olena\/\">Olena<\/a><\/h5><\/div><\/div>\t\n<\/div><\/div><div class=\"slider-slide swiper-slide\"><div data-post-id=\"43022\" class=\"sc_portfolio_item sc_item_container post_container\">\n\t<div class=\"post_featured with_thumb hover_info sc_portfolio_item_thumb post_featured_bg\"><span class=\"post_thumb post_thumb_bg bg_in catwalk_inline_1599734488\"><\/span>\t\t\t\t\t\t<div class=\"mask\"><\/div>\n\t\t\t\t\t\t<a href=\"https:\/\/lianemodels.com\/en\/modele\/laura\/\"><\/a><div class=\"post_info\"><div class=\"post_meta post_meta_categories\"><span class=\"post_meta_item post_categories cat_sep\"><a href=\"https:\/\/lianemodels.com\/en\/portfolio_group\/feminins\/\" title=\"View all posts in Mod\u00e8les F\u00e9minins\">Mod\u00e8les F\u00e9minins<\/a><\/span><\/div><h5 class=\"post_title\"><a href=\"https:\/\/lianemodels.com\/en\/modele\/laura\/\">Laura<\/a><\/h5><\/div><\/div>\t\n<\/div><\/div><div class=\"slider-slide swiper-slide\"><div data-post-id=\"42960\" class=\"sc_portfolio_item sc_item_container post_container\">\n\t<div class=\"post_featured with_thumb hover_info sc_portfolio_item_thumb post_featured_bg\"><span class=\"post_thumb post_thumb_bg bg_in catwalk_inline_348816312\"><\/span>\t\t\t\t\t\t<div class=\"mask\"><\/div>\n\t\t\t\t\t\t<a href=\"https:\/\/lianemodels.com\/en\/modele\/sylvia\/\"><\/a><div class=\"post_info\"><div class=\"post_meta post_meta_categories\"><span class=\"post_meta_item post_categories cat_sep\"><a href=\"https:\/\/lianemodels.com\/en\/portfolio_group\/feminins\/\" title=\"View all posts in Mod\u00e8les F\u00e9minins\">Mod\u00e8les F\u00e9minins<\/a><\/span><\/div><h5 class=\"post_title\"><a href=\"https:\/\/lianemodels.com\/en\/modele\/sylvia\/\">Sylvia<\/a><\/h5><\/div><\/div>\t\n<\/div><\/div><\/div><div class=\"slider_controls_wrap\"><a class=\"slider_prev swiper-button-prev\" href=\"#\"><\/a><a class=\"slider_next swiper-button-next\" href=\"#\"><\/a><\/div><\/div><\/div><\/div>\t\t\t\t<\/div>\n\t\t\t\t<\/div>\n\t\t\t\t<div class=\"elementor-element elementor-element-fb6d832 sc_height_huge sc_fly_static elementor-widget elementor-widget-spacer\" data-id=\"fb6d832\" data-element_type=\"widget\" data-e-type=\"widget\" data-widget_type=\"spacer.default\">\n\t\t\t\t<div class=\"elementor-widget-container\">\n\t\t\t\t\t\t\t<div class=\"elementor-spacer\">\n\t\t\t<div class=\"elementor-spacer-inner\"><\/div>\n\t\t<\/div>\n\t\t\t\t\t\t<\/div>\n\t\t\t\t<\/div>\n\t\t\t\t\t<\/div>\n\t\t<\/div>\n\t\t\t\t\t<\/div>\n\t\t<\/section>\n\t\t\t\t<section class=\"elementor-section elementor-top-section elementor-element elementor-element-30384d0 elementor-section-boxed elementor-section-height-default elementor-section-height-default sc_fly_static\" data-id=\"30384d0\" data-element_type=\"section\" data-e-type=\"section\">\n\t\t\t\t\t\t<div class=\"elementor-container elementor-column-gap-extended\">\n\t\t\t\t\t<div class=\"elementor-column elementor-col-100 elementor-top-column elementor-element elementor-element-4bdfab1 sc_content_align_inherit sc_layouts_column_icons_position_left sc_fly_static\" data-id=\"4bdfab1\" data-element_type=\"column\" data-e-type=\"column\">\n\t\t\t<div class=\"elementor-widget-wrap elementor-element-populated\">\n\t\t\t\t\t\t<div class=\"elementor-element elementor-element-4dd1279 elementor-widget__width-initial underline_anim underline_do_hover sc_fly_static elementor-widget elementor-widget-heading\" data-id=\"4dd1279\" data-element_type=\"widget\" data-e-type=\"widget\" data-widget_type=\"heading.default\">\n\t\t\t\t<div class=\"elementor-widget-container\">\n\t\t\t\t\t<h2 class=\"elementor-heading-title elementor-size-default\">Men models<\/h2>\t\t\t\t<\/div>\n\t\t\t\t<\/div>\n\t\t\t\t\t<\/div>\n\t\t<\/div>\n\t\t\t\t\t<\/div>\n\t\t<\/section>\n\t\t\t\t<section class=\"elementor-section elementor-top-section elementor-element elementor-element-fa04d45 elementor-section-full_width elementor-section-height-default elementor-section-height-default sc_fly_static\" data-id=\"fa04d45\" data-element_type=\"section\" data-e-type=\"section\">\n\t\t\t\t\t\t<div class=\"elementor-container elementor-column-gap-extended\">\n\t\t\t\t\t<div class=\"elementor-column elementor-col-100 elementor-top-column elementor-element elementor-element-7d9c75e sc_content_align_inherit sc_layouts_column_icons_position_left sc_fly_static\" data-id=\"7d9c75e\" data-element_type=\"column\" data-e-type=\"column\">\n\t\t\t<div class=\"elementor-widget-wrap elementor-element-populated\">\n\t\t\t\t\t\t<div data-animation-type=\"sequental\" data-animation-stagger=\"\" class=\"elementor-element elementor-element-2722b54 animation_type_sequental sc_fly_static elementor-invisible elementor-widget elementor-widget-trx_sc_portfolio\" data-id=\"2722b54\" data-element_type=\"widget\" data-e-type=\"widget\" data-settings=\"{&quot;_animation&quot;:&quot;catwalk-fadeinup&quot;,&quot;_animation_delay&quot;:100}\" data-widget_type=\"trx_sc_portfolio.default\">\n\t\t\t\t<div class=\"elementor-widget-container\">\n\t\t\t\t\t<div \t\tclass=\"sc_portfolio sc_portfolio_qw-board\"><div  class=\"sc_portfolio_slider sc_item_slider slider_swiper_outer slider_outer slider_outer_controls slider_outer_controls_side slider_outer_nopagination slider_outer_nocentered slider_outer_overflow_hidden slider_outer_multi\">\n\t<div  data-slides-per-view-breakpoints=\"{&quot;1279&quot;:2,&quot;999999&quot;:4}\" data-slides-space-breakpoints=\"{&quot;999999&quot;:20}\" class=\"slider_container swiper-slider-container slider_swiper slider_noresize slider_controls slider_controls_side slider_nopagination slider_nocentered slider_overflow_hidden slider_multi\" data-slides-per-view=\"4\" data-slides-space=\"20\" data-effect=\"slide\" data-slides-min-width=\"220\" data-pagination=\"bullets\" data-direction=\"horizontal\" data-mouse-wheel=\"0\" data-autoplay=\"0\" data-loop=\"1\" data-free-mode=\"1\" data-slides-centered=\"0\" data-slides-overflow=\"0\">\n\t\t<div class=\"slides slider-wrapper swiper-wrapper sc_item_columns_4\"><div class=\"slider-slide swiper-slide\"><div data-post-id=\"42411\" class=\"sc_portfolio_item sc_item_container post_container\">\n\t<div class=\"post_featured with_thumb hover_info sc_portfolio_item_thumb post_featured_bg\"><span class=\"post_thumb post_thumb_bg bg_in catwalk_inline_1115625483\"><\/span>\t\t\t\t\t\t<div class=\"mask\"><\/div>\n\t\t\t\t\t\t<a href=\"https:\/\/lianemodels.com\/en\/modele\/samuel\/\"><\/a><div class=\"post_info\"><div class=\"post_meta post_meta_categories\"><span class=\"post_meta_item post_categories cat_sep\"><a href=\"https:\/\/lianemodels.com\/en\/portfolio_group\/masculins\/\" title=\"View all posts in Mod\u00e8les Masculins\">Mod\u00e8les Masculins<\/a><\/span><\/div><h5 class=\"post_title\"><a href=\"https:\/\/lianemodels.com\/en\/modele\/samuel\/\">Samuel<\/a><\/h5><\/div><\/div>\t\n<\/div><\/div><div class=\"slider-slide swiper-slide\"><div data-post-id=\"42456\" class=\"sc_portfolio_item sc_item_container post_container\">\n\t<div class=\"post_featured with_thumb hover_info sc_portfolio_item_thumb post_featured_bg\"><span class=\"post_thumb post_thumb_bg bg_in catwalk_inline_810666580\"><\/span>\t\t\t\t\t\t<div class=\"mask\"><\/div>\n\t\t\t\t\t\t<a href=\"https:\/\/lianemodels.com\/en\/modele\/nathan\/\"><\/a><div class=\"post_info\"><div class=\"post_meta post_meta_categories\"><span class=\"post_meta_item post_categories cat_sep\"><a href=\"https:\/\/lianemodels.com\/en\/portfolio_group\/masculins\/\" title=\"View all posts in Mod\u00e8les Masculins\">Mod\u00e8les Masculins<\/a><\/span><\/div><h5 class=\"post_title\"><a href=\"https:\/\/lianemodels.com\/en\/modele\/nathan\/\">Nathan<\/a><\/h5><\/div><\/div>\t\n<\/div><\/div><div class=\"slider-slide swiper-slide\"><div data-post-id=\"42516\" class=\"sc_portfolio_item sc_item_container post_container\">\n\t<div class=\"post_featured with_thumb hover_info sc_portfolio_item_thumb post_featured_bg\"><span class=\"post_thumb post_thumb_bg bg_in catwalk_inline_1182893636\"><\/span>\t\t\t\t\t\t<div class=\"mask\"><\/div>\n\t\t\t\t\t\t<a href=\"https:\/\/lianemodels.com\/en\/modele\/hugo\/\"><\/a><div class=\"post_info\"><div class=\"post_meta post_meta_categories\"><span class=\"post_meta_item post_categories cat_sep\"><a href=\"https:\/\/lianemodels.com\/en\/portfolio_group\/masculins\/\" title=\"View all posts in Mod\u00e8les Masculins\">Mod\u00e8les Masculins<\/a><\/span><\/div><h5 class=\"post_title\"><a href=\"https:\/\/lianemodels.com\/en\/modele\/hugo\/\">Hugo<\/a><\/h5><\/div><\/div>\t\n<\/div><\/div><div class=\"slider-slide swiper-slide\"><div data-post-id=\"42602\" class=\"sc_portfolio_item sc_item_container post_container\">\n\t<div class=\"post_featured with_thumb hover_info sc_portfolio_item_thumb post_featured_bg\"><span class=\"post_thumb post_thumb_bg bg_in catwalk_inline_702845534\"><\/span>\t\t\t\t\t\t<div class=\"mask\"><\/div>\n\t\t\t\t\t\t<a href=\"https:\/\/lianemodels.com\/en\/modele\/dempsey\/\"><\/a><div class=\"post_info\"><div class=\"post_meta post_meta_categories\"><span class=\"post_meta_item post_categories cat_sep\"><a href=\"https:\/\/lianemodels.com\/en\/portfolio_group\/masculins\/\" title=\"View all posts in Mod\u00e8les Masculins\">Mod\u00e8les Masculins<\/a><\/span><\/div><h5 class=\"post_title\"><a href=\"https:\/\/lianemodels.com\/en\/modele\/dempsey\/\">Dempsey<\/a><\/h5><\/div><\/div>\t\n<\/div><\/div><div class=\"slider-slide swiper-slide\"><div data-post-id=\"42607\" class=\"sc_portfolio_item sc_item_container post_container\">\n\t<div class=\"post_featured with_thumb hover_info sc_portfolio_item_thumb post_featured_bg\"><span class=\"post_thumb post_thumb_bg bg_in catwalk_inline_1571273779\"><\/span>\t\t\t\t\t\t<div class=\"mask\"><\/div>\n\t\t\t\t\t\t<a href=\"https:\/\/lianemodels.com\/en\/modele\/raphael\/\"><\/a><div class=\"post_info\"><div class=\"post_meta post_meta_categories\"><span class=\"post_meta_item post_categories cat_sep\"><a href=\"https:\/\/lianemodels.com\/en\/portfolio_group\/masculins\/\" title=\"View all posts in Mod\u00e8les Masculins\">Mod\u00e8les Masculins<\/a><\/span><\/div><h5 class=\"post_title\"><a href=\"https:\/\/lianemodels.com\/en\/modele\/raphael\/\">Raphael<\/a><\/h5><\/div><\/div>\t\n<\/div><\/div><div class=\"slider-slide swiper-slide\"><div data-post-id=\"42611\" class=\"sc_portfolio_item sc_item_container post_container\">\n\t<div class=\"post_featured with_thumb hover_info sc_portfolio_item_thumb post_featured_bg\"><span class=\"post_thumb post_thumb_bg bg_in catwalk_inline_194988853\"><\/span>\t\t\t\t\t\t<div class=\"mask\"><\/div>\n\t\t\t\t\t\t<a href=\"https:\/\/lianemodels.com\/en\/modele\/noe\/\"><\/a><div class=\"post_info\"><div class=\"post_meta post_meta_categories\"><span class=\"post_meta_item post_categories cat_sep\"><a href=\"https:\/\/lianemodels.com\/en\/portfolio_group\/masculins\/\" title=\"View all posts in Mod\u00e8les Masculins\">Mod\u00e8les Masculins<\/a><\/span><\/div><h5 class=\"post_title\"><a href=\"https:\/\/lianemodels.com\/en\/modele\/noe\/\">Noe<\/a><\/h5><\/div><\/div>\t\n<\/div><\/div><div class=\"slider-slide swiper-slide\"><div data-post-id=\"42614\" class=\"sc_portfolio_item sc_item_container post_container\">\n\t<div class=\"post_featured with_thumb hover_info sc_portfolio_item_thumb post_featured_bg\"><span class=\"post_thumb post_thumb_bg bg_in catwalk_inline_1862134498\"><\/span>\t\t\t\t\t\t<div class=\"mask\"><\/div>\n\t\t\t\t\t\t<a href=\"https:\/\/lianemodels.com\/en\/modele\/samuel-2\/\"><\/a><div class=\"post_info\"><div class=\"post_meta post_meta_categories\"><span class=\"post_meta_item post_categories cat_sep\"><a href=\"https:\/\/lianemodels.com\/en\/portfolio_group\/masculins\/\" title=\"View all posts in Mod\u00e8les Masculins\">Mod\u00e8les Masculins<\/a><\/span><\/div><h5 class=\"post_title\"><a href=\"https:\/\/lianemodels.com\/en\/modele\/samuel-2\/\">Samuel<\/a><\/h5><\/div><\/div>\t\n<\/div><\/div><\/div><div class=\"slider_controls_wrap\"><a class=\"slider_prev swiper-button-prev\" href=\"#\"><\/a><a class=\"slider_next swiper-button-next\" href=\"#\"><\/a><\/div><\/div><\/div><\/div>\t\t\t\t<\/div>\n\t\t\t\t<\/div>\n\t\t\t\t<div class=\"elementor-element elementor-element-a339a5f sc_height_huge sc_fly_static elementor-widget elementor-widget-spacer\" data-id=\"a339a5f\" data-element_type=\"widget\" data-e-type=\"widget\" data-widget_type=\"spacer.default\">\n\t\t\t\t<div class=\"elementor-widget-container\">\n\t\t\t\t\t\t\t<div class=\"elementor-spacer\">\n\t\t\t<div class=\"elementor-spacer-inner\"><\/div>\n\t\t<\/div>\n\t\t\t\t\t\t<\/div>\n\t\t\t\t<\/div>\n\t\t\t\t\t<\/div>\n\t\t<\/div>\n\t\t\t\t\t<\/div>\n\t\t<\/section>\n\t\t\t\t<section class=\"elementor-section elementor-top-section elementor-element elementor-element-db159d3 elementor-section-boxed elementor-section-height-default elementor-section-height-default sc_fly_static\" data-id=\"db159d3\" data-element_type=\"section\" data-e-type=\"section\">\n\t\t\t\t\t\t<div class=\"elementor-container elementor-column-gap-extended\">\n\t\t\t\t\t<div class=\"elementor-column elementor-col-100 elementor-top-column elementor-element elementor-element-135ad43 sc_content_align_inherit sc_layouts_column_icons_position_left sc_fly_static\" data-id=\"135ad43\" data-element_type=\"column\" data-e-type=\"column\">\n\t\t\t<div class=\"elementor-widget-wrap elementor-element-populated\">\n\t\t\t\t\t\t<div class=\"elementor-element elementor-element-8ccd771 sc_fly_static elementor-widget elementor-widget-text-editor\" data-id=\"8ccd771\" data-element_type=\"widget\" data-e-type=\"widget\" data-widget_type=\"text-editor.default\">\n\t\t\t\t<div class=\"elementor-widget-container\">\n\t\t\t\t\t\t\t\t\t<p>Chez Liane Models, le <strong>recrutement de mod\u00e8les \u00e0 Lausanne<\/strong> repose sur une s\u00e9lection exigeante et passionn\u00e9e de talents. Nos mod\u00e8les incarnent authenticit\u00e9 et professionnalisme, qu\u2019il s\u2019agisse de l\u2019\u00e9l\u00e9gance de nos <a href=\"https:\/\/lianemodels.com\/en\/modeles-feminins\/\" target=\"_blank\" rel=\"noopener\">profils f\u00e9minins<\/a> ou du charisme affirm\u00e9 de nos <a href=\"https:\/\/lianemodels.com\/en\/modeles-masculins\/\" target=\"_blank\" rel=\"noopener\">mod\u00e8les masculins<\/a>. Explorez notre catalogue et d\u00e9couvrez des personnalit\u00e9s uniques, pr\u00eates \u00e0 donner vie \u00e0 vos projets et \u00e0 illuminer vos campagnes.<\/p>\t\t\t\t\t\t\t\t<\/div>\n\t\t\t\t<\/div>\n\t\t\t\t\t<\/div>\n\t\t<\/div>\n\t\t\t\t\t<\/div>\n\t\t<\/section>\n\t\t\t\t<section class=\"elementor-section elementor-top-section elementor-element elementor-element-f0b7cd5 elementor-section-height-min-height elementor-section-boxed elementor-section-height-default elementor-section-items-middle sc_fly_static\" data-id=\"f0b7cd5\" data-element_type=\"section\" data-e-type=\"section\">\n\t\t\t\t\t\t<div class=\"elementor-container elementor-column-gap-extended\">\n\t\t\t\t\t<div class=\"elementor-column elementor-col-100 elementor-top-column elementor-element elementor-element-36848db sc_content_align_inherit sc_layouts_column_icons_position_left sc_fly_static\" data-id=\"36848db\" data-element_type=\"column\" data-e-type=\"column\">\n\t\t\t<div class=\"elementor-widget-wrap\">\n\t\t\t\t\t\t\t<\/div>\n\t\t<\/div>\n\t\t\t\t\t<\/div>\n\t\t<\/section>\n\t\t\t\t<\/div>","protected":false},"excerpt":{"rendered":"<p>Mod\u00e8les f\u00e9minins Mod\u00e8les F\u00e9minins Sara Luna Mod\u00e8les F\u00e9minins Rabab Mod\u00e8les F\u00e9minins Louana Mod\u00e8les F\u00e9minins Elisa&hellip;<\/p>","protected":false},"author":1,"featured_media":0,"parent":0,"menu_order":0,"comment_status":"closed","ping_status":"closed","template":"","meta":{"footnotes":""},"class_list":["post-31208","page","type-page","status-publish","hentry"],"_links":{"self":[{"href":"https:\/\/lianemodels.com\/en\/wp-json\/wp\/v2\/pages\/31208","targetHints":{"allow":["GET"]}}],"collection":[{"href":"https:\/\/lianemodels.com\/en\/wp-json\/wp\/v2\/pages"}],"about":[{"href":"https:\/\/lianemodels.com\/en\/wp-json\/wp\/v2\/types\/page"}],"author":[{"embeddable":true,"href":"https:\/\/lianemodels.com\/en\/wp-json\/wp\/v2\/users\/1"}],"replies":[{"embeddable":true,"href":"https:\/\/lianemodels.com\/en\/wp-json\/wp\/v2\/comments?post=31208"}],"version-history":[{"count":46,"href":"https:\/\/lianemodels.com\/en\/wp-json\/wp\/v2\/pages\/31208\/revisions"}],"predecessor-version":[{"id":43541,"href":"https:\/\/lianemodels.com\/en\/wp-json\/wp\/v2\/pages\/31208\/revisions\/43541"}],"wp:attachment":[{"href":"https:\/\/lianemodels.com\/en\/wp-json\/wp\/v2\/media?parent=31208"}],"curies":[{"name":"wp","href":"https:\/\/api.w.org\/{rel}","templated":true}]}}