{"id":3997,"date":"2020-05-27T11:09:15","date_gmt":"2020-05-27T11:09:15","guid":{"rendered":"https:\/\/lianemodels.com\/?page_id=3997"},"modified":"2025-12-09T16:02:47","modified_gmt":"2025-12-09T16:02:47","slug":"agence-de-mannequins-suisse","status":"publish","type":"page","link":"https:\/\/lianemodels.com\/en\/agence-de-mannequins-suisse\/","title":{"rendered":"Agence de mannequins suisse"},"content":{"rendered":"<div data-elementor-type=\"wp-page\" data-elementor-id=\"3997\" class=\"elementor elementor-3997\">\n\t\t\t\t\t\t<section class=\"elementor-section elementor-top-section elementor-element elementor-element-c3e1166 elementor-section-full_width elementor-section-height-default elementor-section-height-default sc_fly_static\" data-id=\"c3e1166\" data-element_type=\"section\" data-e-type=\"section\">\n\t\t\t\t\t\t<div class=\"elementor-container elementor-column-gap-no\">\n\t\t\t\t\t<div class=\"elementor-column elementor-col-100 elementor-top-column elementor-element elementor-element-1e9370a sc_content_align_inherit sc_layouts_column_icons_position_left sc_fly_static\" data-id=\"1e9370a\" data-element_type=\"column\" data-e-type=\"column\">\n\t\t\t<div class=\"elementor-widget-wrap elementor-element-populated\">\n\t\t\t\t\t\t<div class=\"elementor-element elementor-element-391813c sc_height_huge sc_fly_static elementor-widget elementor-widget-spacer\" data-id=\"391813c\" data-element_type=\"widget\" data-e-type=\"widget\" data-widget_type=\"spacer.default\">\n\t\t\t\t<div class=\"elementor-widget-container\">\n\t\t\t\t\t\t\t<div class=\"elementor-spacer\">\n\t\t\t<div class=\"elementor-spacer-inner\"><\/div>\n\t\t<\/div>\n\t\t\t\t\t\t<\/div>\n\t\t\t\t<\/div>\n\t\t\t\t<section class=\"elementor-section elementor-inner-section elementor-element elementor-element-5bfab0e elementor-section-boxed elementor-section-height-default elementor-section-height-default sc_fly_static\" data-id=\"5bfab0e\" data-element_type=\"section\" data-e-type=\"section\">\n\t\t\t\t\t\t<div class=\"elementor-container elementor-column-gap-extended\">\n\t\t\t\t\t<div class=\"elementor-column elementor-col-100 elementor-inner-column elementor-element elementor-element-e10b735 sc_content_align_inherit sc_layouts_column_icons_position_left sc_fly_static\" data-id=\"e10b735\" data-element_type=\"column\" data-e-type=\"column\">\n\t\t\t<div class=\"elementor-widget-wrap elementor-element-populated\">\n\t\t\t\t\t\t<div data-animation-type=\"block\" class=\"elementor-element elementor-element-1ea11d4 animation_type_block sc_fly_static elementor-invisible elementor-widget elementor-widget-trx_sc_title\" data-id=\"1ea11d4\" data-element_type=\"widget\" data-e-type=\"widget\" data-settings=\"{&quot;_animation&quot;:&quot;catwalk-fadeinup&quot;}\" data-widget_type=\"trx_sc_title.default\">\n\t\t\t\t<div class=\"elementor-widget-container\">\n\t\t\t\t\t<div\t\tclass=\"sc_title sc_title_default\" ><h2 class=\"sc_item_title sc_title_title sc_align_center sc_item_title_style_default sc_item_title_tag\"\n\t\t\t><span class=\"sc_item_title_text\">The story of Liane Models<\/span><\/h2><\/div>\t\t\t\t<\/div>\n\t\t\t\t<\/div>\n\t\t\t\t<div class=\"elementor-element elementor-element-f6db241 sc_height_medium sc_fly_static elementor-widget elementor-widget-spacer\" data-id=\"f6db241\" data-element_type=\"widget\" data-e-type=\"widget\" data-widget_type=\"spacer.default\">\n\t\t\t\t<div class=\"elementor-widget-container\">\n\t\t\t\t\t\t\t<div class=\"elementor-spacer\">\n\t\t\t<div class=\"elementor-spacer-inner\"><\/div>\n\t\t<\/div>\n\t\t\t\t\t\t<\/div>\n\t\t\t\t<\/div>\n\t\t\t\t\t<\/div>\n\t\t<\/div>\n\t\t\t\t\t<\/div>\n\t\t<\/section>\n\t\t\t\t\t<\/div>\n\t\t<\/div>\n\t\t\t\t\t<\/div>\n\t\t<\/section>\n\t\t\t\t<section class=\"elementor-section elementor-top-section elementor-element elementor-element-8d263a7 elementor-section-full_width elementor-section-content-middle scheme_light elementor-section-height-default elementor-section-height-default sc_fly_static\" data-id=\"8d263a7\" data-element_type=\"section\" data-e-type=\"section\" data-settings=\"{&quot;background_background&quot;:&quot;classic&quot;}\">\n\t\t\t\t\t\t<div class=\"elementor-container elementor-column-gap-extended\">\n\t\t\t\t\t<div class=\"elementor-column elementor-col-50 elementor-top-column elementor-element elementor-element-b2800ff sc_column_fixed sc_content_align_inherit sc_layouts_column_icons_position_left sc_fly_static\" data-id=\"b2800ff\" data-element_type=\"column\" data-e-type=\"column\">\n\t\t\t<div class=\"elementor-widget-wrap elementor-element-populated\">\n\t\t\t\t\t\t<div data-animation-type=\"block\" class=\"elementor-element elementor-element-420e1af animation_type_block sc_fly_static elementor-invisible elementor-widget elementor-widget-image\" data-id=\"420e1af\" data-element_type=\"widget\" data-e-type=\"widget\" data-settings=\"{&quot;_animation&quot;:&quot;catwalk-fadeinup&quot;}\" data-widget_type=\"image.default\">\n\t\t\t\t<div class=\"elementor-widget-container\">\n\t\t\t\t\t\t\t\t\t\t\t\t\t\t\t<img fetchpriority=\"high\" decoding=\"async\" width=\"1300\" height=\"867\" src=\"https:\/\/lianemodels.com\/wp-content\/uploads\/2025\/03\/equipe-liane.jpg\" class=\"attachment-full size-full wp-image-43100\" alt=\"agence de mannequins suisse\" srcset=\"https:\/\/lianemodels.com\/wp-content\/uploads\/2025\/03\/equipe-liane.jpg 1300w, https:\/\/lianemodels.com\/wp-content\/uploads\/2025\/03\/equipe-liane-300x200.jpg 300w, https:\/\/lianemodels.com\/wp-content\/uploads\/2025\/03\/equipe-liane-1024x683.jpg 1024w, https:\/\/lianemodels.com\/wp-content\/uploads\/2025\/03\/equipe-liane-768x512.jpg 768w, https:\/\/lianemodels.com\/wp-content\/uploads\/2025\/03\/equipe-liane-1536x1024.jpg 1536w, https:\/\/lianemodels.com\/wp-content\/uploads\/2025\/03\/equipe-liane-2048x1366.jpg 2048w, https:\/\/lianemodels.com\/wp-content\/uploads\/2025\/03\/equipe-liane-370x247.jpg 370w, https:\/\/lianemodels.com\/wp-content\/uploads\/2025\/03\/equipe-liane-840x560.jpg 840w, https:\/\/lianemodels.com\/wp-content\/uploads\/2025\/03\/equipe-liane-410x273.jpg 410w, https:\/\/lianemodels.com\/wp-content\/uploads\/2025\/03\/equipe-liane-730x487.jpg 730w\" sizes=\"(max-width: 1300px) 100vw, 1300px\" title=\"\">\t\t\t\t\t\t\t\t\t\t\t\t\t\t\t<\/div>\n\t\t\t\t<\/div>\n\t\t\t\t\t<\/div>\n\t\t<\/div>\n\t\t\t\t<div class=\"elementor-column elementor-col-50 elementor-top-column elementor-element elementor-element-5aade1f sc_inner_width_1_2 sc-tablet_inner_width_none sc_content_align_inherit sc_layouts_column_icons_position_left sc_fly_static\" data-id=\"5aade1f\" data-element_type=\"column\" data-e-type=\"column\">\n\t\t\t<div class=\"elementor-widget-wrap elementor-element-populated\">\n\t\t\t\t\t\t<div class=\"elementor-element elementor-element-aeb6c87 elementor-widget__width-initial sc_fly_static elementor-widget elementor-widget-trx_sc_title\" data-id=\"aeb6c87\" data-element_type=\"widget\" data-e-type=\"widget\" data-widget_type=\"trx_sc_title.default\">\n\t\t\t\t<div class=\"elementor-widget-container\">\n\t\t\t\t\t<div\t\tclass=\"sc_title sc_title_default\" ><div class=\"sc_item_descr sc_title_descr\"><p>Mannequin embl\u00e9matique de l\u2019agence durant de nombreuses ann\u00e9es, Katia Aprile en a repris la direction en janvier 2015. Forte de son parcours exceptionnel dans l\u2019univers de la mode, elle incarne aujourd\u2019hui le visage de Liane Models, agence de mannequins suisse reconnue pour son exigence et son professionnalisme.<\/p>\n<p>Finaliste de Miss Suisse, elle a pr\u00eat\u00e9 son image \u00e0 Lacoste dans une campagne publicitaire remarqu\u00e9e et a d\u00e9fil\u00e9 pour des maisons prestigieuses telles que Triumph, Chantelle ou encore Thierry Mugler.<\/p>\n<p>Her career has taken her to the runways of Paris, Rome, and London, where she has distinguished herself with her elegance and professionalism.<\/p>\n<p>Katia now dedicates all her expertise to the service of the next generation. She is personally committed to training models and hostesses, passionately imparting the codes of a profession she knows in-depth.<\/p>\n<p>On the occasion of its 10th anniversary, the agency is beginning a new chapter in its history by opening up to the United Arab Emirates and Gulf countries, with the aim of promoting its high standards, refinement and expertise.<\/p>\n<\/div><div\tclass=\"sc_item_button sc_button_wrap sc_item_button sc_item_button_default sc_item_button_size_normal sc_title_button\"><a href=\"\/en\/nos-modeles\/\" class=\"sc_button sc_button_default sc_button_size_normal sc_button_icon_left\"><span class=\"sc_button_text\"><span class=\"sc_button_title\">See our models<\/span><\/span><\/a><\/div><\/div>\t\t\t\t<\/div>\n\t\t\t\t<\/div>\n\t\t\t\t\t<\/div>\n\t\t<\/div>\n\t\t\t\t\t<\/div>\n\t\t<\/section>\n\t\t\t\t<section class=\"elementor-section elementor-top-section elementor-element elementor-element-cf1e447 elementor-section-full_width elementor-section-height-default elementor-section-height-default sc_fly_static\" data-id=\"cf1e447\" data-element_type=\"section\" data-e-type=\"section\">\n\t\t\t\t\t\t<div class=\"elementor-container elementor-column-gap-no\">\n\t\t\t\t\t<div class=\"elementor-column elementor-col-100 elementor-top-column elementor-element elementor-element-1e28b19 sc_content_align_inherit sc_layouts_column_icons_position_left sc_fly_static\" data-id=\"1e28b19\" data-element_type=\"column\" data-e-type=\"column\">\n\t\t\t<div class=\"elementor-widget-wrap elementor-element-populated\">\n\t\t\t\t\t\t<div class=\"elementor-element elementor-element-80155aa sc_height_huge sc_fly_static elementor-widget elementor-widget-spacer\" data-id=\"80155aa\" data-element_type=\"widget\" data-e-type=\"widget\" data-widget_type=\"spacer.default\">\n\t\t\t\t<div class=\"elementor-widget-container\">\n\t\t\t\t\t\t\t<div class=\"elementor-spacer\">\n\t\t\t<div class=\"elementor-spacer-inner\"><\/div>\n\t\t<\/div>\n\t\t\t\t\t\t<\/div>\n\t\t\t\t<\/div>\n\t\t\t\t<div data-animation-type=\"sequental\" data-animation-stagger=\"\" class=\"elementor-element elementor-element-3950951 animation_type_sequental sc_fly_static elementor-invisible elementor-widget elementor-widget-trx_sc_icons\" data-id=\"3950951\" data-element_type=\"widget\" data-e-type=\"widget\" data-settings=\"{&quot;_animation&quot;:&quot;catwalk-fadeinup&quot;,&quot;_animation_delay&quot;:100}\" data-widget_type=\"trx_sc_icons.default\">\n\t\t\t\t<div class=\"elementor-widget-container\">\n\t\t\t\t\t<div \tclass=\"sc_icons sc_icons_accent sc_icons_size_medium sc_align_center\" ><div class=\"sc_icons_columns_wrap sc_item_columns trx_addons_columns_wrap columns_padding_bottom\" ><div class=\"trx_addons_column-1_3 trx_addons_column-1_2-tablet\"><div class=\"sc_icons_item\"><div class=\"sc_icons_icon sc_icon_type_ icon-dress\" ><span class=\"sc_icon_type_ icon-dress\"><\/span><\/div><div class=\"sc_icons_item_details\"><h4 class=\"sc_icons_item_title\"><span>Fashion shows<\/span><\/h4><\/div><\/div><\/div><div class=\"trx_addons_column-1_3 trx_addons_column-1_2-tablet\"><div class=\"sc_icons_item\"><div class=\"sc_icons_icon sc_icon_type_ icon-model\" ><span class=\"sc_icon_type_ icon-model\"><\/span><\/div><div class=\"sc_icons_item_details\"><h4 class=\"sc_icons_item_title\"><span>Parades<\/span><\/h4><\/div><\/div><\/div><div class=\"trx_addons_column-1_3 trx_addons_column-1_2-tablet\"><div class=\"sc_icons_item\"><div class=\"sc_icons_icon sc_icon_type_ icon-handbag\" ><span class=\"sc_icon_type_ icon-handbag\"><\/span><\/div><div class=\"sc_icons_item_details\"><h4 class=\"sc_icons_item_title\"><span>Promotions<\/span><\/h4><\/div><\/div><\/div><div class=\"trx_addons_column-1_3 trx_addons_column-1_2-tablet\"><div class=\"sc_icons_item\"><div class=\"sc_icons_icon sc_icon_type_ icon-promotion\" ><span class=\"sc_icon_type_ icon-promotion\"><\/span><\/div><div class=\"sc_icons_item_details\"><h4 class=\"sc_icons_item_title\"><span>Advertisement<\/span><\/h4><\/div><\/div><\/div><div class=\"trx_addons_column-1_3 trx_addons_column-1_2-tablet\"><div class=\"sc_icons_item\"><div class=\"sc_icons_icon sc_icon_type_ icon-events\" ><span class=\"sc_icon_type_ icon-events\"><\/span><\/div><div class=\"sc_icons_item_details\"><h4 class=\"sc_icons_item_title\"><span>Event<\/span><\/h4><\/div><\/div><\/div><div class=\"trx_addons_column-1_3 trx_addons_column-1_2-tablet\"><div class=\"sc_icons_item\"><div class=\"sc_icons_icon sc_icon_type_ icon-photo-1\" ><span class=\"sc_icon_type_ icon-photo-1\"><\/span><\/div><div class=\"sc_icons_item_details\"><h4 class=\"sc_icons_item_title\"><span>Shooting<\/span><\/h4><\/div><\/div><\/div><\/div><\/div><!-- \/.sc_icons -->\t\t\t\t<\/div>\n\t\t\t\t<\/div>\n\t\t\t\t<div class=\"elementor-element elementor-element-d0bf1c1 sc_height_huge sc_fly_static elementor-widget elementor-widget-spacer\" data-id=\"d0bf1c1\" data-element_type=\"widget\" data-e-type=\"widget\" data-widget_type=\"spacer.default\">\n\t\t\t\t<div class=\"elementor-widget-container\">\n\t\t\t\t\t\t\t<div class=\"elementor-spacer\">\n\t\t\t<div class=\"elementor-spacer-inner\"><\/div>\n\t\t<\/div>\n\t\t\t\t\t\t<\/div>\n\t\t\t\t<\/div>\n\t\t\t\t\t<\/div>\n\t\t<\/div>\n\t\t\t\t\t<\/div>\n\t\t<\/section>\n\t\t\t\t<section class=\"elementor-section elementor-top-section elementor-element elementor-element-797d818 elementor-section-boxed elementor-section-height-default elementor-section-height-default sc_fly_static\" data-id=\"797d818\" data-element_type=\"section\" data-e-type=\"section\">\n\t\t\t\t\t\t<div class=\"elementor-container elementor-column-gap-extended\">\n\t\t\t\t\t<div class=\"elementor-column elementor-col-100 elementor-top-column elementor-element elementor-element-a67e736 sc_content_align_inherit sc_layouts_column_icons_position_left sc_fly_static\" data-id=\"a67e736\" data-element_type=\"column\" data-e-type=\"column\">\n\t\t\t<div class=\"elementor-widget-wrap elementor-element-populated\">\n\t\t\t\t\t\t<section class=\"elementor-section elementor-inner-section elementor-element elementor-element-8e13687 elementor-section-boxed elementor-section-height-default elementor-section-height-default sc_fly_static\" data-id=\"8e13687\" data-element_type=\"section\" data-e-type=\"section\">\n\t\t\t\t\t\t<div class=\"elementor-container elementor-column-gap-extended\">\n\t\t\t\t\t<div class=\"elementor-column elementor-col-100 elementor-inner-column elementor-element elementor-element-c2a8d05 sc_content_align_inherit sc_layouts_column_icons_position_left sc_fly_static\" data-id=\"c2a8d05\" data-element_type=\"column\" data-e-type=\"column\">\n\t\t\t<div class=\"elementor-widget-wrap elementor-element-populated\">\n\t\t\t\t\t\t<div data-animation-type=\"block\" class=\"elementor-element elementor-element-2fc0aec animation_type_block sc_fly_static elementor-invisible elementor-widget elementor-widget-trx_sc_title\" data-id=\"2fc0aec\" data-element_type=\"widget\" data-e-type=\"widget\" data-settings=\"{&quot;_animation&quot;:&quot;catwalk-fadeinup&quot;}\" data-widget_type=\"trx_sc_title.default\">\n\t\t\t\t<div class=\"elementor-widget-container\">\n\t\t\t\t\t<div\t\tclass=\"sc_title sc_title_default\" ><h2 class=\"sc_item_title sc_title_title sc_align_center sc_item_title_style_default sc_item_title_tag\"\n\t\t\t><span class=\"sc_item_title_text\">Les mannequins chez Liane Models<\/span><\/h2><\/div>\t\t\t\t<\/div>\n\t\t\t\t<\/div>\n\t\t\t\t<div class=\"elementor-element elementor-element-ed12d80 sc_height_medium sc_fly_static elementor-widget elementor-widget-spacer\" data-id=\"ed12d80\" data-element_type=\"widget\" data-e-type=\"widget\" data-widget_type=\"spacer.default\">\n\t\t\t\t<div class=\"elementor-widget-container\">\n\t\t\t\t\t\t\t<div class=\"elementor-spacer\">\n\t\t\t<div class=\"elementor-spacer-inner\"><\/div>\n\t\t<\/div>\n\t\t\t\t\t\t<\/div>\n\t\t\t\t<\/div>\n\t\t\t\t\t<\/div>\n\t\t<\/div>\n\t\t\t\t\t<\/div>\n\t\t<\/section>\n\t\t\t\t\t<\/div>\n\t\t<\/div>\n\t\t\t\t\t<\/div>\n\t\t<\/section>\n\t\t\t\t<section class=\"elementor-section elementor-top-section elementor-element elementor-element-57c8ea6 elementor-section-full_width modele_fr elementor-section-height-default elementor-section-height-default sc_fly_static\" data-id=\"57c8ea6\" data-element_type=\"section\" data-e-type=\"section\">\n\t\t\t\t\t\t<div class=\"elementor-container elementor-column-gap-extended\">\n\t\t\t\t\t<div class=\"elementor-column elementor-col-100 elementor-top-column elementor-element elementor-element-6646537 sc_content_align_inherit sc_layouts_column_icons_position_left sc_fly_static\" data-id=\"6646537\" data-element_type=\"column\" data-e-type=\"column\">\n\t\t\t<div class=\"elementor-widget-wrap elementor-element-populated\">\n\t\t\t\t\t\t<div class=\"elementor-element elementor-element-ff1bf39 sc_fly_static elementor-widget elementor-widget-trx_sc_services\" data-id=\"ff1bf39\" data-element_type=\"widget\" data-e-type=\"widget\" data-widget_type=\"trx_sc_services.default\">\n\t\t\t\t<div class=\"elementor-widget-container\">\n\t\t\t\t\t<div class=\"sc_services sc_services_qw-panel sc_services_featured_top\"><div class=\"sc_services_columns_wrap sc_item_columns sc_item_posts_container sc_item_columns_3 trx_addons_columns_wrap columns_padding_bottom columns_in_single_row\"><div class=\"trx_addons_column-1_3 trx_addons_column-1_2-tablet trx_addons_column-1_2-mobile\"><div data-post-id=\"950\" class=\"sc_services_item sc_item_container post_container with_content with_number sc_services_item_featured_top post-950 cpt_services type-cpt_services status-publish has-post-thumbnail hentry cpt_services_group-model-agency\" data-item-number=\"1\"\n>\n\t<div class=\"sc_services_item_content\">\n        <div class=\"sc_services_item_content_inner\"><div class=\"sc_services_item_content_inner_top\"><span class=\"sc_services_item_number\">01<\/span><\/div>            <div class=\"sc_services_item_content_inner_bottom\">\n                                <div class=\"sc_services_item_header\">\n                                            <span class=\"sc_services_item_number duplicate\">01<\/span>                    <h4 class=\"sc_services_item_title entry-title\"><a href=\"https:\/\/lianemodels.com\/en\/services\/modeles-feminins\/\">Women models<\/a><\/h4>\n                                    <\/div>\n                                                    <div class=\"sc_services_item_text\"><p>Que ce soit pour des d\u00e9fil\u00e9s, des shootings publicitaires ou des campagnes de mode, nos mod\u00e8les f\u00e9minins professionnels s\u2019adaptent \u00e0 vos besoins pour offrir des r\u00e9sultats exceptionnels.<\/p>\n<\/div><div class=\"sc_services_item_button\">\n                    <a href=\"https:\/\/lianemodels.com\/en\/services\/modeles-feminins\/\" class=\"sc_services_item_more_link\">\n                        <span class=\"link_icon\"><\/span>\n                    <\/a>\n                    <\/div>            <\/div>\n        <\/div><a class=\"sc_services_item_link\" href=\"https:\/\/lianemodels.com\/en\/services\/modeles-feminins\/\"><\/a>    <\/div>\n<\/div>\n<\/div><div class=\"trx_addons_column-1_3 trx_addons_column-1_2-tablet trx_addons_column-1_2-mobile\"><div data-post-id=\"949\" class=\"sc_services_item sc_item_container post_container with_content with_number sc_services_item_featured_top post-949 cpt_services type-cpt_services status-publish has-post-thumbnail hentry cpt_services_group-model-agency\" data-item-number=\"2\"\n>\n\t<div class=\"sc_services_item_content\">\n        <div class=\"sc_services_item_content_inner\"><div class=\"sc_services_item_content_inner_top\"><span class=\"sc_services_item_number\">02<\/span><\/div>            <div class=\"sc_services_item_content_inner_bottom\">\n                                <div class=\"sc_services_item_header\">\n                                            <span class=\"sc_services_item_number duplicate\">02<\/span>                    <h4 class=\"sc_services_item_title entry-title\"><a href=\"https:\/\/lianemodels.com\/en\/services\/modeles-masculins\/\">Men models<\/a><\/h4>\n                                    <\/div>\n                                                    <div class=\"sc_services_item_text\"><p>D\u00e9couvrez notre collection de mod\u00e8les masculins, pr\u00eats \u00e0 incarner vos projets avec professionnalisme et style, que ce soit pour des campagnes publicitaires, des shootings ou des \u00e9v\u00e9nements\u00a0mode.<\/p>\n<\/div><div class=\"sc_services_item_button\">\n                    <a href=\"https:\/\/lianemodels.com\/en\/services\/modeles-masculins\/\" class=\"sc_services_item_more_link\">\n                        <span class=\"link_icon\"><\/span>\n                    <\/a>\n                    <\/div>            <\/div>\n        <\/div><a class=\"sc_services_item_link\" href=\"https:\/\/lianemodels.com\/en\/services\/modeles-masculins\/\"><\/a>    <\/div>\n<\/div>\n<\/div><div class=\"sc_services_qw_panel_thumbs\"><div class=\"sc_qw_panel_thumb with_image trx_addons_inline_662758634 sc_qw_panel_thumb_active\" data-thumb-number=\"1\"><\/div><div class=\"sc_qw_panel_thumb with_image trx_addons_inline_727712081\" data-thumb-number=\"2\"><\/div><\/div><\/div><\/div>\t\t\t\t<\/div>\n\t\t\t\t<\/div>\n\t\t\t\t\t<\/div>\n\t\t<\/div>\n\t\t\t\t\t<\/div>\n\t\t<\/section>\n\t\t\t\t<section class=\"elementor-section elementor-top-section elementor-element elementor-element-29d9149 elementor-section-full_width modele_en elementor-section-height-default elementor-section-height-default sc_fly_static\" data-id=\"29d9149\" data-element_type=\"section\" data-e-type=\"section\">\n\t\t\t\t\t\t<div class=\"elementor-container elementor-column-gap-extended\">\n\t\t\t\t\t<div class=\"elementor-column elementor-col-100 elementor-top-column elementor-element elementor-element-29840d0 sc_content_align_inherit sc_layouts_column_icons_position_left sc_fly_static\" data-id=\"29840d0\" data-element_type=\"column\" data-e-type=\"column\">\n\t\t\t<div class=\"elementor-widget-wrap elementor-element-populated\">\n\t\t\t\t\t\t\t<\/div>\n\t\t<\/div>\n\t\t\t\t\t<\/div>\n\t\t<\/section>\n\t\t\t\t<\/div>","protected":false},"excerpt":{"rendered":"<p>L&rsquo;histoire de Liane Models Mannequin embl\u00e9matique de l\u2019agence durant de nombreuses ann\u00e9es, Katia Aprile en&hellip;<\/p>","protected":false},"author":1,"featured_media":0,"parent":0,"menu_order":0,"comment_status":"closed","ping_status":"closed","template":"","meta":{"footnotes":""},"class_list":["post-3997","page","type-page","status-publish","hentry"],"_links":{"self":[{"href":"https:\/\/lianemodels.com\/en\/wp-json\/wp\/v2\/pages\/3997","targetHints":{"allow":["GET"]}}],"collection":[{"href":"https:\/\/lianemodels.com\/en\/wp-json\/wp\/v2\/pages"}],"about":[{"href":"https:\/\/lianemodels.com\/en\/wp-json\/wp\/v2\/types\/page"}],"author":[{"embeddable":true,"href":"https:\/\/lianemodels.com\/en\/wp-json\/wp\/v2\/users\/1"}],"replies":[{"embeddable":true,"href":"https:\/\/lianemodels.com\/en\/wp-json\/wp\/v2\/comments?post=3997"}],"version-history":[{"count":45,"href":"https:\/\/lianemodels.com\/en\/wp-json\/wp\/v2\/pages\/3997\/revisions"}],"predecessor-version":[{"id":43537,"href":"https:\/\/lianemodels.com\/en\/wp-json\/wp\/v2\/pages\/3997\/revisions\/43537"}],"wp:attachment":[{"href":"https:\/\/lianemodels.com\/en\/wp-json\/wp\/v2\/media?parent=3997"}],"curies":[{"name":"wp","href":"https:\/\/api.w.org\/{rel}","templated":true}]}}