{"id":42389,"date":"2025-03-18T13:43:15","date_gmt":"2025-03-18T13:43:15","guid":{"rendered":"https:\/\/lianemodels.com\/?page_id=42389"},"modified":"2026-03-20T05:18:55","modified_gmt":"2026-03-20T05:18:55","slug":"modeles-masculins","status":"publish","type":"page","link":"https:\/\/lianemodels.com\/en\/modeles-masculins\/","title":{"rendered":"Men models"},"content":{"rendered":"<div data-elementor-type=\"wp-page\" data-elementor-id=\"42389\" class=\"elementor elementor-42389\">\n\t\t\t\t\t\t<section class=\"elementor-section elementor-top-section elementor-element elementor-element-6cb8c0e elementor-section-boxed elementor-section-height-default elementor-section-height-default sc_fly_static\" data-id=\"6cb8c0e\" data-element_type=\"section\" data-e-type=\"section\">\n\t\t\t\t\t\t<div class=\"elementor-container elementor-column-gap-extended\">\n\t\t\t\t\t<div class=\"elementor-column elementor-col-100 elementor-top-column elementor-element elementor-element-29afe78 sc_content_align_inherit sc_layouts_column_icons_position_left sc_fly_static\" data-id=\"29afe78\" data-element_type=\"column\" data-e-type=\"column\">\n\t\t\t<div class=\"elementor-widget-wrap elementor-element-populated\">\n\t\t\t\t\t\t<section class=\"elementor-section elementor-inner-section elementor-element elementor-element-00edfad elementor-section-boxed elementor-section-height-default elementor-section-height-default sc_fly_static\" data-id=\"00edfad\" data-element_type=\"section\" data-e-type=\"section\">\n\t\t\t\t\t\t<div class=\"elementor-container elementor-column-gap-extended\">\n\t\t\t\t\t<div class=\"elementor-column elementor-col-100 elementor-inner-column elementor-element elementor-element-bf87f12 sc_content_align_inherit sc_layouts_column_icons_position_left sc_fly_static\" data-id=\"bf87f12\" data-element_type=\"column\" data-e-type=\"column\">\n\t\t\t<div class=\"elementor-widget-wrap elementor-element-populated\">\n\t\t\t\t\t\t<div data-animation-type=\"block\" class=\"elementor-element elementor-element-103af55 animation_type_block sc_fly_static elementor-invisible elementor-widget elementor-widget-trx_sc_title\" data-id=\"103af55\" data-element_type=\"widget\" data-e-type=\"widget\" data-settings=\"{&quot;_animation&quot;:&quot;catwalk-fadeinup&quot;}\" data-widget_type=\"trx_sc_title.default\">\n\t\t\t\t<div class=\"elementor-widget-container\">\n\t\t\t\t\t<div\t\tclass=\"sc_title sc_title_default\" ><h2 class=\"sc_item_title sc_title_title sc_align_center sc_item_title_style_default sc_item_title_tag\"\n\t\t\t><span class=\"sc_item_title_text\">D\u00e9couvrez notre s\u00e9lection de mannequins masculins<\/span><\/h2><\/div>\t\t\t\t<\/div>\n\t\t\t\t<\/div>\n\t\t\t\t<div class=\"elementor-element elementor-element-b1b8b43 sc_height_medium sc_fly_static elementor-widget elementor-widget-spacer\" data-id=\"b1b8b43\" data-element_type=\"widget\" data-e-type=\"widget\" data-widget_type=\"spacer.default\">\n\t\t\t\t<div class=\"elementor-widget-container\">\n\t\t\t\t\t\t\t<div class=\"elementor-spacer\">\n\t\t\t<div class=\"elementor-spacer-inner\"><\/div>\n\t\t<\/div>\n\t\t\t\t\t\t<\/div>\n\t\t\t\t<\/div>\n\t\t\t\t\t<\/div>\n\t\t<\/div>\n\t\t\t\t\t<\/div>\n\t\t<\/section>\n\t\t\t\t\t<\/div>\n\t\t<\/div>\n\t\t\t\t\t<\/div>\n\t\t<\/section>\n\t\t\t\t<section class=\"elementor-section elementor-top-section elementor-element elementor-element-18822ac elementor-section-boxed elementor-section-height-default elementor-section-height-default sc_fly_static\" data-id=\"18822ac\" data-element_type=\"section\" data-e-type=\"section\">\n\t\t\t\t\t\t<div class=\"elementor-container elementor-column-gap-extended\">\n\t\t\t\t\t<div class=\"elementor-column elementor-col-100 elementor-top-column elementor-element elementor-element-332ea5d sc_content_align_inherit sc_layouts_column_icons_position_left sc_fly_static\" data-id=\"332ea5d\" data-element_type=\"column\" data-e-type=\"column\">\n\t\t\t<div class=\"elementor-widget-wrap elementor-element-populated\">\n\t\t\t\t\t\t<div class=\"elementor-element elementor-element-0300ef3 sc_fly_static elementor-widget elementor-widget-trx_sc_portfolio\" data-id=\"0300ef3\" data-element_type=\"widget\" data-e-type=\"widget\" data-widget_type=\"trx_sc_portfolio.default\">\n\t\t\t\t<div class=\"elementor-widget-container\">\n\t\t\t\t\t<div \t\tclass=\"sc_portfolio sc_portfolio_qw-pack\"><div class=\"sc_portfolio_columns_wrap sc_item_columns sc_item_posts_container trx_addons_columns_wrap columns_padding_bottom grid_wrap_16\"><div class=\"trx_addons_column-1_4\"><div data-post-id=\"43368\" class=\"sc_portfolio_item sc_item_container post_container\">\n\t<div class=\"post_featured with_thumb hover_info sc_portfolio_item_thumb post_featured_bg\"><span class=\"post_thumb post_thumb_bg bg_in catwalk_inline_1443229266\"><\/span>\t\t\t\t\t\t<div class=\"mask\"><\/div>\n\t\t\t\t\t\t<a href=\"https:\/\/lianemodels.com\/en\/modele\/dylan\/\"><\/a><div class=\"post_info\"><h5 class=\"post_title\"><a href=\"https:\/\/lianemodels.com\/en\/modele\/dylan\/\">Dylan<\/a><\/h5><div class=\"post_meta post_meta_categories\"><span class=\"post_meta_item post_categories cat_sep\"><a href=\"https:\/\/lianemodels.com\/en\/portfolio_group\/masculins\/\" title=\"View all posts in Mod\u00e8les Masculins\">Mod\u00e8les Masculins<\/a><\/span><\/div><\/div><\/div>\t\n<\/div><\/div><div class=\"trx_addons_column-1_4\"><div data-post-id=\"43323\" class=\"sc_portfolio_item sc_item_container post_container\">\n\t<div class=\"post_featured with_thumb hover_info sc_portfolio_item_thumb post_featured_bg\"><span class=\"post_thumb post_thumb_bg bg_in catwalk_inline_1521936817\"><\/span>\t\t\t\t\t\t<div class=\"mask\"><\/div>\n\t\t\t\t\t\t<a href=\"https:\/\/lianemodels.com\/en\/modele\/rappaz-bonjon-antoine\/\"><\/a><div class=\"post_info\"><h5 class=\"post_title\"><a href=\"https:\/\/lianemodels.com\/en\/modele\/rappaz-bonjon-antoine\/\">Antoine<\/a><\/h5><div class=\"post_meta post_meta_categories\"><span class=\"post_meta_item post_categories cat_sep\"><a href=\"https:\/\/lianemodels.com\/en\/portfolio_group\/masculins\/\" title=\"View all posts in Mod\u00e8les Masculins\">Mod\u00e8les Masculins<\/a><\/span><\/div><\/div><\/div>\t\n<\/div><\/div><div class=\"trx_addons_column-1_4\"><div data-post-id=\"43189\" class=\"sc_portfolio_item sc_item_container post_container\">\n\t<div class=\"post_featured with_thumb hover_info sc_portfolio_item_thumb post_featured_bg\"><span class=\"post_thumb post_thumb_bg bg_in catwalk_inline_803750203\"><\/span>\t\t\t\t\t\t<div class=\"mask\"><\/div>\n\t\t\t\t\t\t<a href=\"https:\/\/lianemodels.com\/en\/modele\/gregory\/\"><\/a><div class=\"post_info\"><h5 class=\"post_title\"><a href=\"https:\/\/lianemodels.com\/en\/modele\/gregory\/\">Gregory<\/a><\/h5><div class=\"post_meta post_meta_categories\"><span class=\"post_meta_item post_categories cat_sep\"><a href=\"https:\/\/lianemodels.com\/en\/portfolio_group\/masculins\/\" title=\"View all posts in Mod\u00e8les Masculins\">Mod\u00e8les Masculins<\/a><\/span><\/div><\/div><\/div>\t\n<\/div><\/div><div class=\"trx_addons_column-1_4\"><div data-post-id=\"42456\" class=\"sc_portfolio_item sc_item_container post_container\">\n\t<div class=\"post_featured with_thumb hover_info sc_portfolio_item_thumb post_featured_bg\"><span class=\"post_thumb post_thumb_bg bg_in catwalk_inline_1221535767\"><\/span>\t\t\t\t\t\t<div class=\"mask\"><\/div>\n\t\t\t\t\t\t<a href=\"https:\/\/lianemodels.com\/en\/modele\/nathan\/\"><\/a><div class=\"post_info\"><h5 class=\"post_title\"><a href=\"https:\/\/lianemodels.com\/en\/modele\/nathan\/\">Nathan<\/a><\/h5><div class=\"post_meta post_meta_categories\"><span class=\"post_meta_item post_categories cat_sep\"><a href=\"https:\/\/lianemodels.com\/en\/portfolio_group\/masculins\/\" title=\"View all posts in Mod\u00e8les Masculins\">Mod\u00e8les Masculins<\/a><\/span><\/div><\/div><\/div>\t\n<\/div><\/div><div class=\"trx_addons_column-1_4\"><div data-post-id=\"42411\" class=\"sc_portfolio_item sc_item_container post_container\">\n\t<div class=\"post_featured with_thumb hover_info sc_portfolio_item_thumb post_featured_bg\"><span class=\"post_thumb post_thumb_bg bg_in catwalk_inline_1577780781\"><\/span>\t\t\t\t\t\t<div class=\"mask\"><\/div>\n\t\t\t\t\t\t<a href=\"https:\/\/lianemodels.com\/en\/modele\/samuel\/\"><\/a><div class=\"post_info\"><h5 class=\"post_title\"><a href=\"https:\/\/lianemodels.com\/en\/modele\/samuel\/\">Samuel<\/a><\/h5><div class=\"post_meta post_meta_categories\"><span class=\"post_meta_item post_categories cat_sep\"><a href=\"https:\/\/lianemodels.com\/en\/portfolio_group\/masculins\/\" title=\"View all posts in Mod\u00e8les Masculins\">Mod\u00e8les Masculins<\/a><\/span><\/div><\/div><\/div>\t\n<\/div><\/div><div class=\"trx_addons_column-1_4\"><div data-post-id=\"42991\" class=\"sc_portfolio_item sc_item_container post_container\">\n\t<div class=\"post_featured with_thumb hover_info sc_portfolio_item_thumb post_featured_bg\"><span class=\"post_thumb post_thumb_bg bg_in catwalk_inline_303626614\"><\/span>\t\t\t\t\t\t<div class=\"mask\"><\/div>\n\t\t\t\t\t\t<a href=\"https:\/\/lianemodels.com\/en\/modele\/romain\/\"><\/a><div class=\"post_info\"><h5 class=\"post_title\"><a href=\"https:\/\/lianemodels.com\/en\/modele\/romain\/\">Romain<\/a><\/h5><div class=\"post_meta post_meta_categories\"><span class=\"post_meta_item post_categories cat_sep\"><a href=\"https:\/\/lianemodels.com\/en\/portfolio_group\/masculins\/\" title=\"View all posts in Mod\u00e8les Masculins\">Mod\u00e8les Masculins<\/a><\/span><\/div><\/div><\/div>\t\n<\/div><\/div><div class=\"trx_addons_column-1_4\"><div data-post-id=\"42986\" class=\"sc_portfolio_item sc_item_container post_container\">\n\t<div class=\"post_featured with_thumb hover_info sc_portfolio_item_thumb post_featured_bg\"><span class=\"post_thumb post_thumb_bg bg_in catwalk_inline_1517341232\"><\/span>\t\t\t\t\t\t<div class=\"mask\"><\/div>\n\t\t\t\t\t\t<a href=\"https:\/\/lianemodels.com\/en\/modele\/soufiane\/\"><\/a><div class=\"post_info\"><h5 class=\"post_title\"><a href=\"https:\/\/lianemodels.com\/en\/modele\/soufiane\/\">Soufiane<\/a><\/h5><div class=\"post_meta post_meta_categories\"><span class=\"post_meta_item post_categories cat_sep\"><a href=\"https:\/\/lianemodels.com\/en\/portfolio_group\/masculins\/\" title=\"View all posts in Mod\u00e8les Masculins\">Mod\u00e8les Masculins<\/a><\/span><\/div><\/div><\/div>\t\n<\/div><\/div><div class=\"trx_addons_column-1_4\"><div data-post-id=\"42976\" class=\"sc_portfolio_item sc_item_container post_container\">\n\t<div class=\"post_featured with_thumb hover_info sc_portfolio_item_thumb post_featured_bg\"><span class=\"post_thumb post_thumb_bg bg_in catwalk_inline_1528831851\"><\/span>\t\t\t\t\t\t<div class=\"mask\"><\/div>\n\t\t\t\t\t\t<a href=\"https:\/\/lianemodels.com\/en\/modele\/sammy\/\"><\/a><div class=\"post_info\"><h5 class=\"post_title\"><a href=\"https:\/\/lianemodels.com\/en\/modele\/sammy\/\">Sammy<\/a><\/h5><div class=\"post_meta post_meta_categories\"><span class=\"post_meta_item post_categories cat_sep\"><a href=\"https:\/\/lianemodels.com\/en\/portfolio_group\/masculins\/\" title=\"View all posts in Mod\u00e8les Masculins\">Mod\u00e8les Masculins<\/a><\/span><\/div><\/div><\/div>\t\n<\/div><\/div><div class=\"trx_addons_column-1_4\"><div data-post-id=\"42980\" class=\"sc_portfolio_item sc_item_container post_container\">\n\t<div class=\"post_featured with_thumb hover_info sc_portfolio_item_thumb post_featured_bg\"><span class=\"post_thumb post_thumb_bg bg_in catwalk_inline_1949381188\"><\/span>\t\t\t\t\t\t<div class=\"mask\"><\/div>\n\t\t\t\t\t\t<a href=\"https:\/\/lianemodels.com\/en\/modele\/yohan\/\"><\/a><div class=\"post_info\"><h5 class=\"post_title\"><a href=\"https:\/\/lianemodels.com\/en\/modele\/yohan\/\">Yohan<\/a><\/h5><div class=\"post_meta post_meta_categories\"><span class=\"post_meta_item post_categories cat_sep\"><a href=\"https:\/\/lianemodels.com\/en\/portfolio_group\/masculins\/\" title=\"View all posts in Mod\u00e8les Masculins\">Mod\u00e8les Masculins<\/a><\/span><\/div><\/div><\/div>\t\n<\/div><\/div><div class=\"trx_addons_column-1_4\"><div data-post-id=\"42972\" class=\"sc_portfolio_item sc_item_container post_container\">\n\t<div class=\"post_featured with_thumb hover_info sc_portfolio_item_thumb post_featured_bg\"><span class=\"post_thumb post_thumb_bg bg_in catwalk_inline_874781495\"><\/span>\t\t\t\t\t\t<div class=\"mask\"><\/div>\n\t\t\t\t\t\t<a href=\"https:\/\/lianemodels.com\/en\/modele\/morgan-r\/\"><\/a><div class=\"post_info\"><h5 class=\"post_title\"><a href=\"https:\/\/lianemodels.com\/en\/modele\/morgan-r\/\">Morgan R.<\/a><\/h5><div class=\"post_meta post_meta_categories\"><span class=\"post_meta_item post_categories cat_sep\"><a href=\"https:\/\/lianemodels.com\/en\/portfolio_group\/masculins\/\" title=\"View all posts in Mod\u00e8les Masculins\">Mod\u00e8les Masculins<\/a><\/span><\/div><\/div><\/div>\t\n<\/div><\/div><div class=\"trx_addons_column-1_4\"><div data-post-id=\"42968\" class=\"sc_portfolio_item sc_item_container post_container\">\n\t<div class=\"post_featured with_thumb hover_info sc_portfolio_item_thumb post_featured_bg\"><span class=\"post_thumb post_thumb_bg bg_in catwalk_inline_53853459\"><\/span>\t\t\t\t\t\t<div class=\"mask\"><\/div>\n\t\t\t\t\t\t<a href=\"https:\/\/lianemodels.com\/en\/modele\/julien\/\"><\/a><div class=\"post_info\"><h5 class=\"post_title\"><a href=\"https:\/\/lianemodels.com\/en\/modele\/julien\/\">Julien<\/a><\/h5><div class=\"post_meta post_meta_categories\"><span class=\"post_meta_item post_categories cat_sep\"><a href=\"https:\/\/lianemodels.com\/en\/portfolio_group\/masculins\/\" title=\"View all posts in Mod\u00e8les Masculins\">Mod\u00e8les Masculins<\/a><\/span><\/div><\/div><\/div>\t\n<\/div><\/div><div class=\"trx_addons_column-1_4\"><div data-post-id=\"42964\" class=\"sc_portfolio_item sc_item_container post_container\">\n\t<div class=\"post_featured with_thumb hover_info sc_portfolio_item_thumb post_featured_bg\"><span class=\"post_thumb post_thumb_bg bg_in catwalk_inline_715182172\"><\/span>\t\t\t\t\t\t<div class=\"mask\"><\/div>\n\t\t\t\t\t\t<a href=\"https:\/\/lianemodels.com\/en\/modele\/sebastien\/\"><\/a><div class=\"post_info\"><h5 class=\"post_title\"><a href=\"https:\/\/lianemodels.com\/en\/modele\/sebastien\/\">S\u00e9bastien<\/a><\/h5><div class=\"post_meta post_meta_categories\"><span class=\"post_meta_item post_categories cat_sep\"><a href=\"https:\/\/lianemodels.com\/en\/portfolio_group\/masculins\/\" title=\"View all posts in Mod\u00e8les Masculins\">Mod\u00e8les Masculins<\/a><\/span><\/div><\/div><\/div>\t\n<\/div><\/div><div class=\"trx_addons_column-1_4\"><div data-post-id=\"42663\" class=\"sc_portfolio_item sc_item_container post_container\">\n\t<div class=\"post_featured with_thumb hover_info sc_portfolio_item_thumb post_featured_bg\"><span class=\"post_thumb post_thumb_bg bg_in catwalk_inline_905750840\"><\/span>\t\t\t\t\t\t<div class=\"mask\"><\/div>\n\t\t\t\t\t\t<a href=\"https:\/\/lianemodels.com\/en\/modele\/killian\/\"><\/a><div class=\"post_info\"><h5 class=\"post_title\"><a href=\"https:\/\/lianemodels.com\/en\/modele\/killian\/\">Killian<\/a><\/h5><div class=\"post_meta post_meta_categories\"><span class=\"post_meta_item post_categories cat_sep\"><a href=\"https:\/\/lianemodels.com\/en\/portfolio_group\/masculins\/\" title=\"View all posts in Mod\u00e8les Masculins\">Mod\u00e8les Masculins<\/a><\/span><\/div><\/div><\/div>\t\n<\/div><\/div><div class=\"trx_addons_column-1_4\"><div data-post-id=\"42658\" class=\"sc_portfolio_item sc_item_container post_container\">\n\t<div class=\"post_featured with_thumb hover_info sc_portfolio_item_thumb post_featured_bg\"><span class=\"post_thumb post_thumb_bg bg_in catwalk_inline_38924054\"><\/span>\t\t\t\t\t\t<div class=\"mask\"><\/div>\n\t\t\t\t\t\t<a href=\"https:\/\/lianemodels.com\/en\/modele\/angelo\/\"><\/a><div class=\"post_info\"><h5 class=\"post_title\"><a href=\"https:\/\/lianemodels.com\/en\/modele\/angelo\/\">Angelo<\/a><\/h5><div class=\"post_meta post_meta_categories\"><span class=\"post_meta_item post_categories cat_sep\"><a href=\"https:\/\/lianemodels.com\/en\/portfolio_group\/masculins\/\" title=\"View all posts in Mod\u00e8les Masculins\">Mod\u00e8les Masculins<\/a><\/span><\/div><\/div><\/div>\t\n<\/div><\/div><div class=\"trx_addons_column-1_4\"><div data-post-id=\"42654\" class=\"sc_portfolio_item sc_item_container post_container\">\n\t<div class=\"post_featured with_thumb hover_info sc_portfolio_item_thumb post_featured_bg\"><span class=\"post_thumb post_thumb_bg bg_in catwalk_inline_809310250\"><\/span>\t\t\t\t\t\t<div class=\"mask\"><\/div>\n\t\t\t\t\t\t<a href=\"https:\/\/lianemodels.com\/en\/modele\/elliott\/\"><\/a><div class=\"post_info\"><h5 class=\"post_title\"><a href=\"https:\/\/lianemodels.com\/en\/modele\/elliott\/\">Elliott<\/a><\/h5><div class=\"post_meta post_meta_categories\"><span class=\"post_meta_item post_categories cat_sep\"><a href=\"https:\/\/lianemodels.com\/en\/portfolio_group\/masculins\/\" title=\"View all posts in Mod\u00e8les Masculins\">Mod\u00e8les Masculins<\/a><\/span><\/div><\/div><\/div>\t\n<\/div><\/div><div class=\"trx_addons_column-1_4\"><div data-post-id=\"42647\" class=\"sc_portfolio_item sc_item_container post_container\">\n\t<div class=\"post_featured with_thumb hover_info sc_portfolio_item_thumb post_featured_bg\"><span class=\"post_thumb post_thumb_bg bg_in catwalk_inline_997606580\"><\/span>\t\t\t\t\t\t<div class=\"mask\"><\/div>\n\t\t\t\t\t\t<a href=\"https:\/\/lianemodels.com\/en\/modele\/maxime\/\"><\/a><div class=\"post_info\"><h5 class=\"post_title\"><a href=\"https:\/\/lianemodels.com\/en\/modele\/maxime\/\">Maxime<\/a><\/h5><div class=\"post_meta post_meta_categories\"><span class=\"post_meta_item post_categories cat_sep\"><a href=\"https:\/\/lianemodels.com\/en\/portfolio_group\/masculins\/\" title=\"View all posts in Mod\u00e8les Masculins\">Mod\u00e8les Masculins<\/a><\/span><\/div><\/div><\/div>\t\n<\/div><\/div><\/div><nav class=\"sc_portfolio_pagination sc_item_pagination sc_item_pagination_prev_next nav-links-old  sc_align_none\"\n\t\t\tdata-params=\"{&quot;cat&quot;:&quot;105&quot;,&quot;columns&quot;:4,&quot;columns_widescreen&quot;:&quot;&quot;,&quot;columns_laptop&quot;:&quot;&quot;,&quot;columns_tablet_extra&quot;:{&quot;unit&quot;:&quot;px&quot;,&quot;size&quot;:&quot;&quot;,&quot;sizes&quot;:[]},&quot;columns_tablet&quot;:&quot;&quot;,&quot;columns_mobile_extra&quot;:{&quot;unit&quot;:&quot;px&quot;,&quot;size&quot;:&quot;&quot;,&quot;sizes&quot;:[]},&quot;columns_mobile&quot;:&quot;&quot;,&quot;count&quot;:16,&quot;offset&quot;:0,&quot;orderby&quot;:&quot;post_date&quot;,&quot;order&quot;:&quot;desc&quot;,&quot;ids&quot;:&quot;&quot;,&quot;slider&quot;:false,&quot;slider_effect&quot;:&quot;slide&quot;,&quot;slider_pagination&quot;:&quot;none&quot;,&quot;slider_pagination_type&quot;:&quot;bullets&quot;,&quot;slider_pagination_thumbs&quot;:0,&quot;slider_controls&quot;:&quot;none&quot;,&quot;slides_space&quot;:0,&quot;slides_centered&quot;:&quot;&quot;,&quot;slides_overflow&quot;:&quot;&quot;,&quot;slider_mouse_wheel&quot;:&quot;&quot;,&quot;slider_autoplay&quot;:&quot;1&quot;,&quot;slider_loop&quot;:&quot;1&quot;,&quot;slider_free_mode&quot;:&quot;&quot;,&quot;title&quot;:&quot;&quot;,&quot;title_align&quot;:&quot;none&quot;,&quot;title_style&quot;:&quot;default&quot;,&quot;title_tag&quot;:&quot;none&quot;,&quot;title_color&quot;:&quot;&quot;,&quot;title_color2&quot;:&quot;&quot;,&quot;gradient_fill&quot;:&quot;block&quot;,&quot;gradient_direction&quot;:&quot;0&quot;,&quot;title_border_color&quot;:&quot;&quot;,&quot;title_border_width&quot;:{&quot;unit&quot;:&quot;px&quot;,&quot;size&quot;:0,&quot;sizes&quot;:[]},&quot;title_bg_image&quot;:{&quot;url&quot;:&quot;&quot;,&quot;id&quot;:&quot;&quot;,&quot;size&quot;:&quot;&quot;},&quot;title2&quot;:&quot;&quot;,&quot;title2_color&quot;:&quot;&quot;,&quot;title2_color2&quot;:&quot;&quot;,&quot;gradient_fill2&quot;:&quot;block&quot;,&quot;gradient_direction2&quot;:&quot;0&quot;,&quot;title2_border_color&quot;:&quot;&quot;,&quot;title2_border_width&quot;:{&quot;unit&quot;:&quot;px&quot;,&quot;size&quot;:0,&quot;sizes&quot;:[]},&quot;title2_bg_image&quot;:{&quot;url&quot;:&quot;&quot;,&quot;id&quot;:&quot;&quot;,&quot;size&quot;:&quot;&quot;},&quot;subtitle&quot;:&quot;&quot;,&quot;subtitle_align&quot;:&quot;none&quot;,&quot;subtitle_position&quot;:&quot;above&quot;,&quot;subtitle_color&quot;:&quot;&quot;,&quot;description&quot;:&quot;&quot;,&quot;description_color&quot;:&quot;&quot;,&quot;link&quot;:&quot;&quot;,&quot;link_style&quot;:&quot;default&quot;,&quot;link_size&quot;:&quot;normal&quot;,&quot;link_image&quot;:&quot;&quot;,&quot;link_text&quot;:&quot;&quot;,&quot;new_window&quot;:0,&quot;typed&quot;:&quot;&quot;,&quot;typed_strings&quot;:&quot;&quot;,&quot;typed_loop&quot;:&quot;1&quot;,&quot;typed_cursor&quot;:&quot;1&quot;,&quot;typed_cursor_char&quot;:&quot;_&quot;,&quot;typed_color&quot;:&quot;&quot;,&quot;typed_speed&quot;:&quot;6&quot;,&quot;typed_delay&quot;:&quot;1&quot;,&quot;id&quot;:&quot;&quot;,&quot;class&quot;:&quot;&quot;,&quot;className&quot;:&quot;&quot;,&quot;css&quot;:&quot;&quot;,&quot;type&quot;:&quot;qw-pack&quot;,&quot;more_text&quot;:&quot;Read more&quot;,&quot;pagination&quot;:&quot;prev_next&quot;,&quot;no_margin&quot;:&quot;&quot;,&quot;page&quot;:1,&quot;posts_exclude&quot;:&quot;&quot;,&quot;use_masonry&quot;:&quot;&quot;,&quot;use_gallery&quot;:&quot;&quot;,&quot;count_extra&quot;:{&quot;unit&quot;:&quot;px&quot;,&quot;size&quot;:16,&quot;sizes&quot;:[]},&quot;columns_extra&quot;:{&quot;unit&quot;:&quot;px&quot;,&quot;size&quot;:4,&quot;sizes&quot;:[]},&quot;offset_extra&quot;:{&quot;unit&quot;:&quot;px&quot;,&quot;size&quot;:0,&quot;sizes&quot;:[]},&quot;slides_space_extra&quot;:{&quot;unit&quot;:&quot;px&quot;,&quot;size&quot;:0,&quot;sizes&quot;:[]},&quot;gradient_direction_extra&quot;:{&quot;unit&quot;:&quot;px&quot;,&quot;size&quot;:0,&quot;sizes&quot;:[]},&quot;typed_speed_extra&quot;:{&quot;unit&quot;:&quot;px&quot;,&quot;size&quot;:6,&quot;sizes&quot;:[]},&quot;typed_delay_extra&quot;:{&quot;unit&quot;:&quot;px&quot;,&quot;size&quot;:1,&quot;sizes&quot;:[]},&quot;gradient_direction2_extra&quot;:{&quot;unit&quot;:&quot;px&quot;,&quot;size&quot;:0,&quot;sizes&quot;:[]},&quot;link_extra&quot;:{&quot;url&quot;:&quot;&quot;,&quot;is_external&quot;:&quot;&quot;,&quot;nofollow&quot;:&quot;&quot;,&quot;custom_attributes&quot;:&quot;&quot;},&quot;link_image_extra&quot;:{&quot;url&quot;:&quot;&quot;,&quot;id&quot;:&quot;&quot;,&quot;size&quot;:&quot;&quot;},&quot;scheme&quot;:&quot;&quot;,&quot;color_style&quot;:&quot;default&quot;,&quot;mouse_helper_highlight&quot;:&quot;&quot;,&quot;item_number&quot;:16,&quot;sc&quot;:&quot;sc_portfolio&quot;}\"\n\t\t\trole=\"navigation\"\n\t\t><span class=\"nav-prev nav-disabled\"><a href=\"#\" data-page=\"0\"><span class=\"nav-prev-label\">Pr\u00e9c\u00e9dent<\/span><\/a><\/span><span class=\"nav-next\"><a href=\"#\" data-page=\"2\"><span class=\"nav-next-label\">Suivant<\/span><\/a><\/span><\/nav><\/div>\t\t\t\t<\/div>\n\t\t\t\t<\/div>\n\t\t\t\t\t<\/div>\n\t\t<\/div>\n\t\t\t\t\t<\/div>\n\t\t<\/section>\n\t\t\t\t<section class=\"elementor-section elementor-top-section elementor-element elementor-element-2fef576 elementor-section-boxed elementor-section-height-default elementor-section-height-default sc_fly_static\" data-id=\"2fef576\" data-element_type=\"section\" data-e-type=\"section\">\n\t\t\t\t\t\t<div class=\"elementor-container elementor-column-gap-extended\">\n\t\t\t\t\t<div class=\"elementor-column elementor-col-100 elementor-top-column elementor-element elementor-element-715f499 sc_content_align_inherit sc_layouts_column_icons_position_left sc_fly_static\" data-id=\"715f499\" data-element_type=\"column\" data-e-type=\"column\">\n\t\t\t<div class=\"elementor-widget-wrap elementor-element-populated\">\n\t\t\t\t\t\t<div class=\"elementor-element elementor-element-f8a449d sc_fly_static elementor-widget elementor-widget-text-editor\" data-id=\"f8a449d\" data-element_type=\"widget\" data-e-type=\"widget\" data-widget_type=\"text-editor.default\">\n\t\t\t\t<div class=\"elementor-widget-container\">\n\t\t\t\t\t\t\t\t\t<p data-pm-slice=\"1 1 []\">D\u00e9couvrez nos <strong>mod\u00e8les masculins Suisse<\/strong>, s\u00e9lectionn\u00e9s pour leur charisme, leur style et leur professionnalisme. Chaque profil repr\u00e9sente l\u2019excellence et la diversit\u00e9 du mannequinat masculin en Suisse.<\/p><p>Que ce soit pour la mode, la publicit\u00e9 ou les projets cr\u00e9atifs, nos mod\u00e8les masculins Suisse sont pr\u00eats \u00e0 relever tous les d\u00e9fis et \u00e0 donner vie \u00e0 vos campagnes avec assurance et \u00e9l\u00e9gance.<\/p>\t\t\t\t\t\t\t\t<\/div>\n\t\t\t\t<\/div>\n\t\t\t\t\t<\/div>\n\t\t<\/div>\n\t\t\t\t\t<\/div>\n\t\t<\/section>\n\t\t\t\t<\/div>","protected":false},"excerpt":{"rendered":"<p>D\u00e9couvrez notre s\u00e9lection de mannequins masculins Dylan Mod\u00e8les Masculins Antoine Mod\u00e8les Masculins Gregory Mod\u00e8les Masculins&hellip;<\/p>","protected":false},"author":1,"featured_media":0,"parent":0,"menu_order":0,"comment_status":"closed","ping_status":"closed","template":"","meta":{"footnotes":""},"class_list":["post-42389","page","type-page","status-publish","hentry"],"_links":{"self":[{"href":"https:\/\/lianemodels.com\/en\/wp-json\/wp\/v2\/pages\/42389","targetHints":{"allow":["GET"]}}],"collection":[{"href":"https:\/\/lianemodels.com\/en\/wp-json\/wp\/v2\/pages"}],"about":[{"href":"https:\/\/lianemodels.com\/en\/wp-json\/wp\/v2\/types\/page"}],"author":[{"embeddable":true,"href":"https:\/\/lianemodels.com\/en\/wp-json\/wp\/v2\/users\/1"}],"replies":[{"embeddable":true,"href":"https:\/\/lianemodels.com\/en\/wp-json\/wp\/v2\/comments?post=42389"}],"version-history":[{"count":13,"href":"https:\/\/lianemodels.com\/en\/wp-json\/wp\/v2\/pages\/42389\/revisions"}],"predecessor-version":[{"id":44175,"href":"https:\/\/lianemodels.com\/en\/wp-json\/wp\/v2\/pages\/42389\/revisions\/44175"}],"wp:attachment":[{"href":"https:\/\/lianemodels.com\/en\/wp-json\/wp\/v2\/media?parent=42389"}],"curies":[{"name":"wp","href":"https:\/\/api.w.org\/{rel}","templated":true}]}}